{"id":161,"date":"2024-12-19T17:50:26","date_gmt":"2024-12-19T16:50:26","guid":{"rendered":"http:\/\/www.calderaselectrovapor.com\/php\/?page_id=161"},"modified":"2024-12-19T17:54:00","modified_gmt":"2024-12-19T16:54:00","slug":"venta-de-repuestos-en-general","status":"publish","type":"page","link":"https:\/\/calderaselectrovapor.com\/php\/servicios\/venta-de-repuestos-en-general\/","title":{"rendered":"Venta de repuestos en general"},"content":{"rendered":"<p>[et_pb_section fb_built=\u00bb1&#8243; admin_label=\u00bbHeader\u00bb _builder_version=\u00bb4.27.4&#8243; _module_preset=\u00bbdefault\u00bb background_color=\u00bbgcid-c67e4c14-9f9a-4541-bcfb-a3dbe227e267&#8243; use_background_color_gradient=\u00bbon\u00bb background_color_gradient_stops=\u00bbgcid-c67e4c14-9f9a-4541-bcfb-a3dbe227e267 10%|#ffffff 100%\u00bb locked=\u00bboff\u00bb collapsed=\u00bbon\u00bb global_colors_info=\u00bb{%22gcid-c67e4c14-9f9a-4541-bcfb-a3dbe227e267%22:%91%22background_color%22,%22background_pattern_color%22,%22background_color_gradient_stops%22,%22background_color%22%93,%22gcid-1533f4f9-5025-42ee-9c5e-1191f3d68cd0%22:%91%22background_color_gradient_stops%22%93,%22gcid-b7f06a10-4d36-4163-b049-62314b9050fc%22:%91%22background_pattern_color%22,%22background_color_gradient_stops%22%93}\u00bb theme_builder_area=\u00bbpost_content\u00bb][et_pb_row custom_padding_last_edited=\u00bbon|desktop\u00bb _builder_version=\u00bb4.27.4&#8243; _module_preset=\u00bbdefault\u00bb background_color=\u00bb#4F7A21&#8243; custom_padding=\u00bb60px|60px|60px|60px|true|true\u00bb custom_padding_tablet=\u00bb30px|30px|30px|30px|true|true\u00bb custom_padding_phone=\u00bb20px|20px|20px|20px|true|true\u00bb global_colors_info=\u00bb{}\u00bb theme_builder_area=\u00bbpost_content\u00bb][et_pb_column type=\u00bb4_4&#8243; _builder_version=\u00bb4.22.1&#8243; _module_preset=\u00bbdefault\u00bb global_colors_info=\u00bb{}\u00bb theme_builder_area=\u00bbpost_content\u00bb][et_pb_text _builder_version=\u00bb4.27.4&#8243; _module_preset=\u00bb_initial\u00bb text_font=\u00bb|600|||||||\u00bb text_text_color=\u00bb#FFFFFF\u00bb text_font_size=\u00bb16px\u00bb text_letter_spacing=\u00bb1px\u00bb header_font=\u00bb||||||||\u00bb header_text_color=\u00bb#FFFFFF\u00bb header_font_size=\u00bb48px\u00bb header_line_height=\u00bb1.2em\u00bb text_orientation=\u00bbcenter\u00bb hover_enabled=\u00bb0&#8243; text_font_size_tablet=\u00bb15px\u00bb text_font_size_phone=\u00bb15px\u00bb text_font_size_last_edited=\u00bbon|phone\u00bb header_font_size_tablet=\u00bb40px\u00bb header_font_size_phone=\u00bb24px\u00bb header_font_size_last_edited=\u00bbon|desktop\u00bb global_colors_info=\u00bb{}\u00bb theme_builder_area=\u00bbpost_content\u00bb sticky_enabled=\u00bb0&#8243;]<\/p>\n<h1>Venta de repuestos en general<\/h1>\n<p>[\/et_pb_text][\/et_pb_column][\/et_pb_row][et_pb_row admin_label=\u00bbrow\u00bb _builder_version=\u00bb4.27.4&#8243; background_size=\u00bbinitial\u00bb background_position=\u00bbtop_left\u00bb background_repeat=\u00bbrepeat\u00bb global_colors_info=\u00bb{}\u00bb theme_builder_area=\u00bbpost_content\u00bb][et_pb_column type=\u00bb4_4&#8243; _builder_version=\u00bb4.16&#8243; custom_padding=\u00bb|||\u00bb global_colors_info=\u00bb{}\u00bb custom_padding__hover=\u00bb|||\u00bb theme_builder_area=\u00bbpost_content\u00bb][et_pb_image src=\u00bbhttp:\/\/www.calderaselectrovapor.com\/php\/wp-content\/uploads\/2024\/12\/repuestos-1.jpg\u00bb title_text=\u00bbrepuestos-1&#8243; _builder_version=\u00bb4.27.4&#8243; _module_preset=\u00bbdefault\u00bb hover_enabled=\u00bb0&#8243; border_radii=\u00bbon|8px|8px|8px|8px\u00bb box_shadow_style=\u00bbpreset3&#8243; global_colors_info=\u00bb{}\u00bb theme_builder_area=\u00bbpost_content\u00bb align=\u00bbcenter\u00bb sticky_enabled=\u00bb0&#8243;][\/et_pb_image][et_pb_text admin_label=\u00bbText\u00bb _builder_version=\u00bb4.27.4&#8243; background_size=\u00bbinitial\u00bb background_position=\u00bbtop_left\u00bb background_repeat=\u00bbrepeat\u00bb hover_enabled=\u00bb0&#8243; global_colors_info=\u00bb{}\u00bb theme_builder_area=\u00bbpost_content\u00bb sticky_enabled=\u00bb0&#8243;]<\/p>\n<h2>Vendemos todo tipo de repuestos de calderas y productos derivados.<\/h2>\n<p>A continuaci\u00f3n encontraran una <strong>lista con los repuestos de calderas y otros productos<\/strong>:<\/p>\n<div class=\"row\">\n<div class=\"col-md-6\">\n<ul>\n<li>Empaques de Mcdonnell &amp; Miller<\/li>\n<li>Vidrios de Nivel<\/li>\n<li>V\u00e1lvulas<\/li>\n<li>Programadores<\/li>\n<li>Empaques Bomba Combustible.<\/li>\n<li>Controles de Nivel Warrick y otros.<\/li>\n<li>Controles de Presi\u00f3n.<\/li>\n<li>Diafragmas de Mcdonnell &amp; Miller.<\/li>\n<li>Nipler\u00eda en General.<\/li>\n<li>Refractarios<\/li>\n<li>El\u00e9ctricos en General Para Calderas y otros.<\/li>\n<li>Empaques Hand Hole y Man Hole<\/li>\n<li>Reparaci\u00f3n de Turcos, Calderas y Calderines en todas las marcas y dise\u00f1os<\/li>\n<li>Somos representantes directos de la marca de quemadores <a href=\"https:\/\/www.rielloburners.co.uk\/\" target=\"_blank\" rel=\"nofollow noopener noreferrer\">RIELLO BURNES<\/a>.<\/li>\n<li>Empaques Hand Hole y Man Hole<\/li>\n<li>Control de nivel Mcdonnell &amp; Miller.<\/li>\n<li>Aislamientos t\u00e9rmicos.<\/li>\n<li>Ductos para chimenea y gorros tipo cebolla.<\/li>\n<li>Cable para rayos y para rayos.<\/li>\n<li>Empaques Bomba Combustible<\/li>\n<li>Cable s\u00faper GX para venta de chimeneas.<\/li>\n<li>Grilletes y tensores<\/li>\n<li>Motobombas para caldera.<\/li>\n<li>Se Reconstruyen y se Automatizan Todo Tipo de Calderas<\/li>\n<li>Cheques para calderas<\/li>\n<li>Tanque toma muestras<\/li>\n<li>Electrodos de nivel, \u00a0controles de nivel<\/li>\n<li>Man\u00f3metros conexi\u00f3n trasera y lateral<\/li>\n<li>Tanque enfriador de purgas<\/li>\n<li>Resistencias para equipos de planchado y Plancha<\/li>\n<li>Mangueras para vapor<\/li>\n<li>Cable encauchetado para plancha<\/li>\n<li>Tanque dosificador de qu\u00edmicos<\/li>\n<li>Contactores<\/li>\n<li>Bombas de agua para equipos de Planchado<\/li>\n<li>Grifos de nivel<\/li>\n<li>An\u00e1lisis de gases y de combusti\u00f3n.<\/li>\n<li>Tanque de almacenamiento de agua<\/li>\n<li>Calentadores de aceite t\u00e9rmico.<\/li>\n<li>Somos importadores de repuestos.<\/li>\n<li>Equipos hidroneum\u00e1ticos Hidroflow.<\/li>\n<li>Somos representantes de motobombas: <a href=\"https:\/\/www.pedrollo.com\/it\/default_t1\" target=\"_blank\" rel=\"nofollow noopener noreferrer\">Pedrollo<\/a>, IHM. MANN.<\/li>\n<li>Tomas para plancha hembra y macho y <u>r<\/u>epuestos en general.<\/li>\n<\/ul>\n<\/div>\n<div class=\"col-md-6\">\n<p>&nbsp;<\/p>\n<\/div>\n<\/div>\n<p>[\/et_pb_text][\/et_pb_column][\/et_pb_row][\/et_pb_section]<\/p>\n","protected":false},"excerpt":{"rendered":"<p>Venta de repuestos en generalVendemos todo tipo de repuestos de calderas y productos derivados. A continuaci\u00f3n encontraran una lista con los repuestos de calderas y otros productos: Empaques de Mcdonnell &amp; Miller Vidrios de Nivel V\u00e1lvulas Programadores Empaques Bomba Combustible. Controles de Nivel Warrick y otros. Controles de Presi\u00f3n. Diafragmas de Mcdonnell &amp; Miller. Nipler\u00eda [&hellip;]<\/p>\n","protected":false},"author":1,"featured_media":0,"parent":117,"menu_order":0,"comment_status":"closed","ping_status":"closed","template":"","meta":{"_et_pb_use_builder":"on","_et_pb_old_content":"","_et_gb_content_width":"","footnotes":""},"class_list":["post-161","page","type-page","status-publish","hentry"],"_links":{"self":[{"href":"https:\/\/calderaselectrovapor.com\/php\/wp-json\/wp\/v2\/pages\/161","targetHints":{"allow":["GET"]}}],"collection":[{"href":"https:\/\/calderaselectrovapor.com\/php\/wp-json\/wp\/v2\/pages"}],"about":[{"href":"https:\/\/calderaselectrovapor.com\/php\/wp-json\/wp\/v2\/types\/page"}],"author":[{"embeddable":true,"href":"https:\/\/calderaselectrovapor.com\/php\/wp-json\/wp\/v2\/users\/1"}],"replies":[{"embeddable":true,"href":"https:\/\/calderaselectrovapor.com\/php\/wp-json\/wp\/v2\/comments?post=161"}],"version-history":[{"count":4,"href":"https:\/\/calderaselectrovapor.com\/php\/wp-json\/wp\/v2\/pages\/161\/revisions"}],"predecessor-version":[{"id":165,"href":"https:\/\/calderaselectrovapor.com\/php\/wp-json\/wp\/v2\/pages\/161\/revisions\/165"}],"up":[{"embeddable":true,"href":"https:\/\/calderaselectrovapor.com\/php\/wp-json\/wp\/v2\/pages\/117"}],"wp:attachment":[{"href":"https:\/\/calderaselectrovapor.com\/php\/wp-json\/wp\/v2\/media?parent=161"}],"curies":[{"name":"wp","href":"https:\/\/api.w.org\/{rel}","templated":true}]}}