{"id":188,"date":"2024-12-19T18:18:26","date_gmt":"2024-12-19T17:18:26","guid":{"rendered":"http:\/\/www.calderaselectrovapor.com\/php\/?page_id=188"},"modified":"2024-12-20T00:50:13","modified_gmt":"2024-12-19T23:50:13","slug":"andamios-multidireccionales","status":"publish","type":"page","link":"https:\/\/calderaselectrovapor.com\/php\/productos\/andamios-multidireccionales\/","title":{"rendered":"Andamios Multidireccionales"},"content":{"rendered":"<p>[et_pb_section fb_built=\u00bb1&#8243; admin_label=\u00bbHeader\u00bb _builder_version=\u00bb4.27.4&#8243; _module_preset=\u00bbdefault\u00bb background_color=\u00bbgcid-c67e4c14-9f9a-4541-bcfb-a3dbe227e267&#8243; use_background_color_gradient=\u00bbon\u00bb background_color_gradient_stops=\u00bbgcid-c67e4c14-9f9a-4541-bcfb-a3dbe227e267 10%|#ffffff 100%\u00bb locked=\u00bboff\u00bb collapsed=\u00bbon\u00bb global_colors_info=\u00bb{%22gcid-c67e4c14-9f9a-4541-bcfb-a3dbe227e267%22:%91%22background_color%22,%22background_pattern_color%22,%22background_color_gradient_stops%22,%22background_color%22%93,%22gcid-1533f4f9-5025-42ee-9c5e-1191f3d68cd0%22:%91%22background_color_gradient_stops%22%93,%22gcid-b7f06a10-4d36-4163-b049-62314b9050fc%22:%91%22background_pattern_color%22,%22background_color_gradient_stops%22%93}\u00bb][et_pb_row custom_padding_last_edited=\u00bbon|desktop\u00bb _builder_version=\u00bb4.27.4&#8243; _module_preset=\u00bbdefault\u00bb background_color=\u00bb#4F7A21&#8243; custom_padding=\u00bb60px|60px|60px|60px|true|true\u00bb custom_padding_tablet=\u00bb30px|30px|30px|30px|true|true\u00bb custom_padding_phone=\u00bb20px|20px|20px|20px|true|true\u00bb global_colors_info=\u00bb{}\u00bb][et_pb_column type=\u00bb4_4&#8243; _builder_version=\u00bb4.22.1&#8243; _module_preset=\u00bbdefault\u00bb global_colors_info=\u00bb{}\u00bb][et_pb_text _builder_version=\u00bb4.27.4&#8243; _module_preset=\u00bb_initial\u00bb text_font=\u00bb|600|||||||\u00bb text_text_color=\u00bb#FFFFFF\u00bb text_font_size=\u00bb16px\u00bb text_letter_spacing=\u00bb1px\u00bb header_font=\u00bb||||||||\u00bb header_text_color=\u00bb#FFFFFF\u00bb header_font_size=\u00bb48px\u00bb header_line_height=\u00bb1.2em\u00bb text_orientation=\u00bbcenter\u00bb text_font_size_tablet=\u00bb15px\u00bb text_font_size_phone=\u00bb15px\u00bb text_font_size_last_edited=\u00bbon|phone\u00bb header_font_size_tablet=\u00bb40px\u00bb header_font_size_phone=\u00bb24px\u00bb header_font_size_last_edited=\u00bbon|desktop\u00bb global_colors_info=\u00bb{}\u00bb]<\/p>\n<h1>Andamios Multidireccionales<\/h1>\n<p>[\/et_pb_text][\/et_pb_column][\/et_pb_row][et_pb_row column_structure=\u00bb1_2,1_2&#8243; admin_label=\u00bbrow\u00bb _builder_version=\u00bb4.27.4&#8243; background_size=\u00bbinitial\u00bb background_position=\u00bbtop_left\u00bb background_repeat=\u00bbrepeat\u00bb global_colors_info=\u00bb{}\u00bb][et_pb_column type=\u00bb1_2&#8243; _builder_version=\u00bb4.16&#8243; custom_padding=\u00bb|||\u00bb global_colors_info=\u00bb{}\u00bb custom_padding__hover=\u00bb|||\u00bb][et_pb_image src=\u00bbhttp:\/\/www.calderaselectrovapor.com\/php\/wp-content\/uploads\/2024\/12\/Andamio6-800&#215;600-1.jpeg\u00bb title_text=\u00bbAndamio6-800&#215;600&#8243; align=\u00bbcenter\u00bb _builder_version=\u00bb4.27.4&#8243; _module_preset=\u00bbdefault\u00bb border_radii=\u00bbon|8px|8px|8px|8px\u00bb box_shadow_style=\u00bbpreset3&#8243; global_colors_info=\u00bb{}\u00bb][\/et_pb_image][\/et_pb_column][et_pb_column type=\u00bb1_2&#8243; _builder_version=\u00bb4.16&#8243; custom_padding=\u00bb|||\u00bb global_colors_info=\u00bb{}\u00bb custom_padding__hover=\u00bb|||\u00bb][et_pb_text admin_label=\u00bbText\u00bb _builder_version=\u00bb4.27.4&#8243; background_size=\u00bbinitial\u00bb background_position=\u00bbtop_left\u00bb background_repeat=\u00bbrepeat\u00bb global_colors_info=\u00bb{}\u00bb]<\/p>\n<p>Pensando en ofrecer un servicio integral en nuestra l\u00ednea de negocios, <strong>Calderas Electrovapor pondr\u00e1 en su cartera de productos, la venta y alquiler de Andamios Multidireccionales certificados, <\/strong>los cuales se encuentran fabricados con los mayores est\u00e1ndares de seguridad y funcionalidad.<\/p>\n<p><strong>El andamio multidireccional es un andamio tubular, compuesto por m\u00e1s piezas que el andamio com\u00fan.<\/strong><\/p>\n<p>[\/et_pb_text][\/et_pb_column][\/et_pb_row][et_pb_row _builder_version=\u00bb4.27.4&#8243; _module_preset=\u00bbdefault\u00bb][et_pb_column _builder_version=\u00bb4.27.4&#8243; _module_preset=\u00bbdefault\u00bb type=\u00bb4_4&#8243;][et_pb_gallery _builder_version=\u00bb4.27.4&#8243; _module_preset=\u00bbdefault\u00bb gallery_ids=\u00bb194,195,196,197,198,199,200,201,202,203,204,205,206&#8243; show_title_and_caption=\u00bboff\u00bb zoom_icon_color=\u00bb#7A3621&#8243; border_radii_image=\u00bbon|8px|8px|8px|8px\u00bb box_shadow_style_image=\u00bbpreset3&#8243; pagination_text_color=\u00bb#224E7B\u00bb hover_enabled=\u00bb0&#8243; sticky_enabled=\u00bb0&#8243;][\/et_pb_gallery][\/et_pb_column][\/et_pb_row][et_pb_row admin_label=\u00bbrow\u00bb _builder_version=\u00bb4.27.4&#8243; background_size=\u00bbinitial\u00bb background_position=\u00bbtop_left\u00bb background_repeat=\u00bbrepeat\u00bb global_colors_info=\u00bb{}\u00bb][et_pb_column type=\u00bb4_4&#8243; _builder_version=\u00bb4.16&#8243; custom_padding=\u00bb|||\u00bb global_colors_info=\u00bb{}\u00bb custom_padding__hover=\u00bb|||\u00bb][et_pb_text admin_label=\u00bbText\u00bb _builder_version=\u00bb4.27.4&#8243; background_size=\u00bbinitial\u00bb background_position=\u00bbtop_left\u00bb background_repeat=\u00bbrepeat\u00bb hover_enabled=\u00bb0&#8243; global_colors_info=\u00bb{}\u00bb sticky_enabled=\u00bb0&#8243;]Se fabrica con los mismos componentes, pero a la vez dise\u00f1ados para estructuras mas complejas de montar.<\/p>\n<p>La caracter\u00edstica m\u00e1s com\u00fan es que esta <strong>compuesto por piezas verticales con un gran n\u00famero de rosetas<\/strong>. Esta variedad de medidas permiten alcanzar estructuras que con el andamio tradicional ser\u00eda dif\u00edcil de armar.<\/p>\n<p>Con este tipo de andamio se pueden hacer <strong>diferentes desplazamientos a la vez para m\u00faltiples direcciones<\/strong> de la fachada o estructuras a montar. Este andamio se utiliza en todos los sectores tales como rehabilitaci\u00f3n de fachadas, obras en construcci\u00f3n, industrias, etc, y debido a su versatilidad, se puede utilizar para hacer cubrimiento de fachadas geometricamente irregulares, andamio circular, geometr\u00edas curvas y brinda alta seguridad.<\/p>\n<p>En realidad el <strong>alquiler de andamios multidireccionales es un servicio que se adapta a cualquier trabajo<\/strong>, incluso a aquellos que requieren un montaje especialmente complejo.[\/et_pb_text][\/et_pb_column][\/et_pb_row][et_pb_row admin_label=\u00bbrow\u00bb _builder_version=\u00bb4.27.4&#8243; background_size=\u00bbinitial\u00bb background_position=\u00bbtop_left\u00bb background_repeat=\u00bbrepeat\u00bb global_colors_info=\u00bb{}\u00bb][et_pb_column type=\u00bb4_4&#8243; _builder_version=\u00bb4.16&#8243; custom_padding=\u00bb|||\u00bb global_colors_info=\u00bb{}\u00bb custom_padding__hover=\u00bb|||\u00bb][et_pb_text admin_label=\u00bbText\u00bb _builder_version=\u00bb4.27.4&#8243; background_size=\u00bbinitial\u00bb background_position=\u00bbtop_left\u00bb background_repeat=\u00bbrepeat\u00bb hover_enabled=\u00bb0&#8243; global_colors_info=\u00bb{}\u00bb sticky_enabled=\u00bb0&#8243;]<\/p>\n<h4>Ventajas de los andamios multidireccionales.<\/h4>\n<ul>\n<li>Con este tipo de andamio se pueden construir estructuras que adopten todo tipo de formas constructivas, transformando esta caracter\u00edstica de versatilidad en su principal ventaja.<\/li>\n<li>Los andamios multidireccionales son muy r\u00e1pidos de montar, su montaje se realiza en suelo y posteriormente puede ser elevado con gr\u00faa.<\/li>\n<li>Posee estructura galvanizada que lo protege de corrosi\u00f3n, lo que lo hace mucho mas duradero.<\/li>\n<li>Cuenta con medidas de seguridad como barandillas y pasamanos, protecci\u00f3n para viandantes, plataformas antideslizantes y pies de seguridad.<\/li>\n<li>Su superficie es totalmente estable y segura y existen diferentes anchos de escalera.<\/li>\n<\/ul>\n<p>Estas son las principales ventajas de utilizar andamios multidireccionales, as\u00ed como sus principales usos.<\/p>\n<p>Si necesita este tipo de andamios, en Calderas Electrovapor encontrar\u00e1 el servicio acorde a su necesidad para tus trabajos en altura.[\/et_pb_text][\/et_pb_column][\/et_pb_row][\/et_pb_section]<\/p>\n","protected":false},"excerpt":{"rendered":"<p>Andamios MultidireccionalesPensando en ofrecer un servicio integral en nuestra l\u00ednea de negocios, Calderas Electrovapor pondr\u00e1 en su cartera de productos, la venta y alquiler de Andamios Multidireccionales certificados, los cuales se encuentran fabricados con los mayores est\u00e1ndares de seguridad y funcionalidad. El andamio multidireccional es un andamio tubular, compuesto por m\u00e1s piezas que el andamio [&hellip;]<\/p>\n","protected":false},"author":1,"featured_media":0,"parent":177,"menu_order":0,"comment_status":"closed","ping_status":"closed","template":"","meta":{"_et_pb_use_builder":"on","_et_pb_old_content":"","_et_gb_content_width":"","footnotes":""},"class_list":["post-188","page","type-page","status-publish","hentry"],"_links":{"self":[{"href":"https:\/\/calderaselectrovapor.com\/php\/wp-json\/wp\/v2\/pages\/188","targetHints":{"allow":["GET"]}}],"collection":[{"href":"https:\/\/calderaselectrovapor.com\/php\/wp-json\/wp\/v2\/pages"}],"about":[{"href":"https:\/\/calderaselectrovapor.com\/php\/wp-json\/wp\/v2\/types\/page"}],"author":[{"embeddable":true,"href":"https:\/\/calderaselectrovapor.com\/php\/wp-json\/wp\/v2\/users\/1"}],"replies":[{"embeddable":true,"href":"https:\/\/calderaselectrovapor.com\/php\/wp-json\/wp\/v2\/comments?post=188"}],"version-history":[{"count":6,"href":"https:\/\/calderaselectrovapor.com\/php\/wp-json\/wp\/v2\/pages\/188\/revisions"}],"predecessor-version":[{"id":207,"href":"https:\/\/calderaselectrovapor.com\/php\/wp-json\/wp\/v2\/pages\/188\/revisions\/207"}],"up":[{"embeddable":true,"href":"https:\/\/calderaselectrovapor.com\/php\/wp-json\/wp\/v2\/pages\/177"}],"wp:attachment":[{"href":"https:\/\/calderaselectrovapor.com\/php\/wp-json\/wp\/v2\/media?parent=188"}],"curies":[{"name":"wp","href":"https:\/\/api.w.org\/{rel}","templated":true}]}}